{"id":279,"date":"2025-11-13T05:28:29","date_gmt":"2025-11-13T05:28:29","guid":{"rendered":"https:\/\/dorianwebdesign.com\/?page_id=279"},"modified":"2025-12-16T10:54:11","modified_gmt":"2025-12-16T09:54:11","slug":"cgu","status":"publish","type":"page","link":"https:\/\/dorianwebdesign.com\/en\/cgu\/","title":{"rendered":"cgu"},"content":{"rendered":"<p><img loading=\"lazy\" decoding=\"async\" width=\"300\" height=\"300\" src=\"https:\/\/dorianwebdesign.com\/wp-content\/uploads\/2025\/11\/LogoArtDeco1000-300x300.png\" alt=\"Logo Dorian Web Design\" srcset=\"https:\/\/dorianwebdesign.com\/wp-content\/uploads\/2025\/11\/LogoArtDeco1000-300x300.png 300w, https:\/\/dorianwebdesign.com\/wp-content\/uploads\/2025\/11\/LogoArtDeco1000-150x150.png 150w, https:\/\/dorianwebdesign.com\/wp-content\/uploads\/2025\/11\/LogoArtDeco1000-768x768.png 768w, https:\/\/dorianwebdesign.com\/wp-content\/uploads\/2025\/11\/LogoArtDeco1000.png 1000w\" sizes=\"auto, (max-width: 300px) 100vw, 300px\" \/>\t\t\t\t\t\t\t\t\t\t\t\t\t\t\t\t\t\t<\/p>\n<h2>Terms and Conditions of Use of the dorianwebdesign.com website<\/h2>\n<p data-start=\"441\" data-end=\"479\"><strong data-start=\"441\" data-end=\"479\">Derni\u00e8re mise \u00e0 jour : 17 Novembre 2025<\/strong><\/p>\n<p data-start=\"481\" data-end=\"716\">En naviguant sur le site https:\/\/dorianwebdesign.com, vous acceptez pleinement et enti\u00e8rement les pr\u00e9sentes conditions g\u00e9n\u00e9rales d\u2019utilisation. Si vous n\u2019\u00eates pas d\u2019accord avec l\u2019un de ces termes, veuillez ne pas utiliser ce site.<\/p>\n<hr data-start=\"718\" data-end=\"721\" \/>\n<h3 data-start=\"723\" data-end=\"750\">1. Informations l\u00e9gales<\/h3>\n<p data-start=\"752\" data-end=\"1030\">Le pr\u00e9sent site est \u00e9dit\u00e9 par :<br data-start=\"783\" data-end=\"786\" \/><strong data-start=\"786\" data-end=\"828\">Dorian Web Design<\/strong><br data-start=\"828\" data-end=\"831\" \/>Statut : Micro entreprise<br data-start=\"887\" data-end=\"890\" \/>SIRET : 41308795800042<br data-start=\"911\" data-end=\"914\" \/>Adresse e-mail : admin@dorianwebdesign.com<br data-start=\"959\" data-end=\"962\" \/>H\u00e9bergement : la soci\u00e9t\u00e9 OVH, dont le si\u00e8ge social est situ\u00e9 au 2 rue Kellermann &#8211; 59100 Roubaix, France. Num\u00e9ro de t\u00e9l\u00e9phone : +33 (0)8 99 70 17 61\u00a0<\/p>\n<hr data-start=\"1032\" data-end=\"1035\" \/>\n<h3 data-start=\"1037\" data-end=\"1057\">2. Objet du site<\/h3>\n<p data-start=\"1059\" data-end=\"1374\">Le site <strong data-start=\"1067\" data-end=\"1091\">dorianwebdesign.com<\/strong> a pour vocation de pr\u00e9senter les prestations de webdesigner propos\u00e9s par Dorian Gigaud.<\/p>\n<hr data-start=\"1376\" data-end=\"1379\" \/>\n<h3 data-start=\"1381\" data-end=\"1401\">3. Acc\u00e8s au site<\/h3>\n<p data-start=\"1403\" data-end=\"1652\">L\u2019acc\u00e8s au site est libre pour tout utilisateur disposant d\u2019une connexion internet.<br data-start=\"1486\" data-end=\"1489\" \/>Certaines fonctionnalit\u00e9s (demande de devis) n\u00e9cessitent la saisie de donn\u00e9es personnelles. L\u2019utilisateur s\u2019engage \u00e0 fournir des informations exactes.<\/p>\n<hr data-start=\"1654\" data-end=\"1657\" \/>\n<h3 data-start=\"1659\" data-end=\"1681\">4. Responsabilit\u00e9s<\/h3>\n<ul data-start=\"1683\" data-end=\"2024\">\n<li data-start=\"1683\" data-end=\"1840\">\n<p data-start=\"1685\" data-end=\"1840\">L&rsquo;\u00e9diteur s&rsquo;efforce de fournir des informations pr\u00e9cises et \u00e0 jour. Toutefois, il ne saurait \u00eatre tenu responsable d&rsquo;omissions, d&rsquo;erreurs ou de carences.<\/p>\n<\/li>\n<li data-start=\"1926\" data-end=\"2024\">\n<p data-start=\"1928\" data-end=\"2024\">L\u2019utilisateur est seul responsable de l\u2019usage qu\u2019il fait des informations diffus\u00e9es sur le site.<\/p>\n<\/li>\n<\/ul>\n<hr data-start=\"2026\" data-end=\"2029\" \/>\n<h3 data-start=\"2031\" data-end=\"2062\">5. Propri\u00e9t\u00e9 intellectuelle<\/h3>\n<p data-start=\"2064\" data-end=\"2331\">L\u2019ensemble du contenu du site (textes, images, vid\u00e9os, logos, graphismes) est la propri\u00e9t\u00e9 exclusive de Dorian Gigaud, sauf mention contraire.<br data-start=\"2199\" data-end=\"2202\" \/>Toute reproduction, distribution, modification ou exploitation, m\u00eame partielle, sans autorisation \u00e9crite pr\u00e9alable est interdite.<\/p>\n<hr data-start=\"2333\" data-end=\"2336\" \/>\n<h3 data-start=\"2338\" data-end=\"2365\">6. Donn\u00e9es personnelles<\/h3>\n<p data-start=\"2367\" data-end=\"2654\">Les informations personnelles collect\u00e9es via les formulaires de contact ou de r\u00e9servation sont trait\u00e9es conform\u00e9ment \u00e0 la l\u00e9gislation en vigueur.<br data-start=\"2519\" data-end=\"2522\" \/>Pour en savoir plus, consultez la Politique de confidentialit\u00e9 du site.<\/p>\n<hr data-start=\"2656\" data-end=\"2659\" \/>\n<h3 data-start=\"2661\" data-end=\"2675\">7. Cookies<\/h3>\n<p data-start=\"2677\" data-end=\"2970\">Le site utilise des cookies pour assurer son bon fonctionnement et am\u00e9liorer l\u2019exp\u00e9rience utilisateur. En poursuivant votre navigation, vous acceptez l\u2019utilisation de ces cookies.<br data-start=\"2856\" data-end=\"2859\" \/>Voir la politique de cookies pour plus d\u2019informations.<\/p>\n<hr data-start=\"2972\" data-end=\"2975\" \/>\n<h3 data-start=\"2977\" data-end=\"3001\">8. Liens hypertextes<\/h3>\n<p data-start=\"3003\" data-end=\"3186\">Le site peut contenir des liens vers d\u2019autres sites. L\u2019\u00e9diteur ne saurait \u00eatre tenu responsable du contenu de ces sites tiers, ni des \u00e9ventuels dommages r\u00e9sultant de leur utilisation.<\/p>\n<hr data-start=\"3188\" data-end=\"3191\" \/>\n<h3 data-start=\"3193\" data-end=\"3221\">9. Modifications des CGU<\/h3>\n<p data-start=\"3223\" data-end=\"3358\">L\u2019\u00e9diteur se r\u00e9serve le droit de modifier \u00e0 tout moment les pr\u00e9sentes CGU. Les utilisateurs sont invit\u00e9s \u00e0 les consulter r\u00e9guli\u00e8rement.<\/p>\n<hr data-start=\"3360\" data-end=\"3363\" \/>\n<h3 data-start=\"3365\" data-end=\"3389\">10. Droit applicable<\/h3>\n<p data-start=\"3391\" data-end=\"3555\">Les pr\u00e9sentes conditions sont soumises au droit fran\u00e7ais. Tout litige sera de la comp\u00e9tence exclusive des tribunaux fran\u00e7ais, apr\u00e8s tentative de r\u00e9solution amiable.<\/p>\n<p>\t\t\t\t\t\t\t\t\t\t\t\t<a href=\"https:\/\/dorianwebdesign.com\/en\/rgpd\/\"><br \/>\n\t\t\t\t\t\t\t\t\tRGPD<br \/>\n\t\t\t\t\t<\/a><br \/>\n\t\t\t\t\t\t\t\t\t\t\t\t\t\t<a href=\"https:\/\/dorianwebdesign.com\/en\/conditions-generales\/\"><br \/>\n\t\t\t\t\t\t\t\t\tConditions g\u00e9n\u00e9rales<br \/>\n\t\t\t\t\t<\/a><br \/>\n\t\t\t\t\t\t\t\t\t\t\t\t\t\t<a href=\"https:\/\/dorianwebdesign.com\/en\/cgv\/\"><br \/>\n\t\t\t\t\t\t\t\t\tCGV<br \/>\n\t\t\t\t\t<\/a><br \/>\n\t\t\t\t\t\t\t\t\t\t\t\t\t\t<a href=\"https:\/\/dorianwebdesign.com\/en\/politique-de-cookies-ue\/\"><br \/>\n\t\t\t\t\t\t\t\t\tPolitique de cookies (UE)<br \/>\n\t\t\t\t\t<\/a><\/p>","protected":false},"excerpt":{"rendered":"<p>Conditions G\u00e9n\u00e9rales d\u2019Utilisation du site dorianwebdesign.com Derni\u00e8re mise \u00e0 jour : 17 Novembre 2025 En naviguant sur le site https:\/\/dorianwebdesign.com, [&hellip;]<\/p>\n","protected":false},"author":1,"featured_media":0,"parent":0,"menu_order":0,"comment_status":"closed","ping_status":"closed","template":"elementor_header_footer","meta":{"_uag_custom_page_level_css":"","site-sidebar-layout":"default","site-content-layout":"","ast-site-content-layout":"default","site-content-style":"default","site-sidebar-style":"default","ast-global-header-display":"","ast-banner-title-visibility":"","ast-main-header-display":"","ast-hfb-above-header-display":"","ast-hfb-below-header-display":"","ast-hfb-mobile-header-display":"","site-post-title":"","ast-breadcrumbs-content":"","ast-featured-img":"","footer-sml-layout":"","ast-disable-related-posts":"","theme-transparent-header-meta":"","adv-header-id-meta":"","stick-header-meta":"","header-above-stick-meta":"","header-main-stick-meta":"","header-below-stick-meta":"","astra-migrate-meta-layouts":"default","ast-page-background-enabled":"default","ast-page-background-meta":{"desktop":{"background-color":"var(--ast-global-color-5)","background-image":"","background-repeat":"repeat","background-position":"center center","background-size":"auto","background-attachment":"scroll","background-type":"","background-media":"","overlay-type":"","overlay-color":"","overlay-opacity":"","overlay-gradient":""},"tablet":{"background-color":"","background-image":"","background-repeat":"repeat","background-position":"center center","background-size":"auto","background-attachment":"scroll","background-type":"","background-media":"","overlay-type":"","overlay-color":"","overlay-opacity":"","overlay-gradient":""},"mobile":{"background-color":"","background-image":"","background-repeat":"repeat","background-position":"center center","background-size":"auto","background-attachment":"scroll","background-type":"","background-media":"","overlay-type":"","overlay-color":"","overlay-opacity":"","overlay-gradient":""}},"ast-content-background-meta":{"desktop":{"background-color":"var(--ast-global-color-4)","background-image":"","background-repeat":"repeat","background-position":"center center","background-size":"auto","background-attachment":"scroll","background-type":"","background-media":"","overlay-type":"","overlay-color":"","overlay-opacity":"","overlay-gradient":""},"tablet":{"background-color":"var(--ast-global-color-4)","background-image":"","background-repeat":"repeat","background-position":"center center","background-size":"auto","background-attachment":"scroll","background-type":"","background-media":"","overlay-type":"","overlay-color":"","overlay-opacity":"","overlay-gradient":""},"mobile":{"background-color":"var(--ast-global-color-4)","background-image":"","background-repeat":"repeat","background-position":"center center","background-size":"auto","background-attachment":"scroll","background-type":"","background-media":"","overlay-type":"","overlay-color":"","overlay-opacity":"","overlay-gradient":""}},"footnotes":""},"class_list":["post-279","page","type-page","status-publish","hentry"],"uagb_featured_image_src":{"full":false,"thumbnail":false,"medium":false,"medium_large":false,"large":false,"1536x1536":false,"2048x2048":false,"trp-custom-language-flag":false},"uagb_author_info":{"display_name":"admin7856","author_link":"https:\/\/dorianwebdesign.com\/en\/author\/admin7856\/"},"uagb_comment_info":0,"uagb_excerpt":"Conditions G\u00e9n\u00e9rales d\u2019Utilisation du site dorianwebdesign.com Derni\u00e8re mise \u00e0 jour : 17 Novembre 2025 En naviguant sur le site https:\/\/dorianwebdesign.com, [&hellip;]","_links":{"self":[{"href":"https:\/\/dorianwebdesign.com\/en\/wp-json\/wp\/v2\/pages\/279","targetHints":{"allow":["GET"]}}],"collection":[{"href":"https:\/\/dorianwebdesign.com\/en\/wp-json\/wp\/v2\/pages"}],"about":[{"href":"https:\/\/dorianwebdesign.com\/en\/wp-json\/wp\/v2\/types\/page"}],"author":[{"embeddable":true,"href":"https:\/\/dorianwebdesign.com\/en\/wp-json\/wp\/v2\/users\/1"}],"replies":[{"embeddable":true,"href":"https:\/\/dorianwebdesign.com\/en\/wp-json\/wp\/v2\/comments?post=279"}],"version-history":[{"count":5,"href":"https:\/\/dorianwebdesign.com\/en\/wp-json\/wp\/v2\/pages\/279\/revisions"}],"predecessor-version":[{"id":1995,"href":"https:\/\/dorianwebdesign.com\/en\/wp-json\/wp\/v2\/pages\/279\/revisions\/1995"}],"wp:attachment":[{"href":"https:\/\/dorianwebdesign.com\/en\/wp-json\/wp\/v2\/media?parent=279"}],"curies":[{"name":"wp","href":"https:\/\/api.w.org\/{rel}","templated":true}]}}