{"id":277,"date":"2025-11-13T05:27:30","date_gmt":"2025-11-13T05:27:30","guid":{"rendered":"https:\/\/dorianwebdesign.com\/?page_id=277"},"modified":"2025-12-16T11:26:56","modified_gmt":"2025-12-16T10:26:56","slug":"rgpd","status":"publish","type":"page","link":"https:\/\/dorianwebdesign.com\/en\/rgpd\/","title":{"rendered":"rgpd"},"content":{"rendered":"<p><img loading=\"lazy\" decoding=\"async\" width=\"300\" height=\"300\" src=\"https:\/\/dorianwebdesign.com\/wp-content\/uploads\/2025\/11\/LogoArtDeco1000-300x300.png\" alt=\"Logo Dorian Web Design\" srcset=\"https:\/\/dorianwebdesign.com\/wp-content\/uploads\/2025\/11\/LogoArtDeco1000-300x300.png 300w, https:\/\/dorianwebdesign.com\/wp-content\/uploads\/2025\/11\/LogoArtDeco1000-150x150.png 150w, https:\/\/dorianwebdesign.com\/wp-content\/uploads\/2025\/11\/LogoArtDeco1000-768x768.png 768w, https:\/\/dorianwebdesign.com\/wp-content\/uploads\/2025\/11\/LogoArtDeco1000.png 1000w\" sizes=\"auto, (max-width: 300px) 100vw, 300px\" \/>\t\t\t\t\t\t\t\t\t\t\t\t\t\t\t\t<\/p>\n<h1>R\u00e8glement g\u00e9n\u00e9ral sur la protection des donn\u00e9es<\/h1>\n<p data-start=\"2715\" data-end=\"2753\"><strong data-start=\"2715\" data-end=\"2753\">Derni\u00e8re mise \u00e0 jour : 17 Novembre 2025<\/strong><\/p>\n<h2 data-start=\"426\" data-end=\"461\"><strong data-start=\"429\" data-end=\"461\">1. Responsable du traitement<\/strong><\/h2>\n<p data-start=\"462\" data-end=\"630\">Le responsable du traitement des donn\u00e9es personnelles est :<br data-start=\"521\" data-end=\"524\" \/><strong data-start=\"524\" data-end=\"561\">Dorian Web Design \u2013 Dorian Gigaud<\/strong><br data-start=\"561\" data-end=\"564\" \/>SIRET : <strong data-start=\"572\" data-end=\"590\">41308795800042<\/strong><br data-start=\"590\" data-end=\"593\" \/>Email : <strong data-start=\"601\" data-end=\"630\"><a rel=\"noopener\" data-start=\"603\" data-end=\"628\">admin@dorianwebdesign.com<\/a><\/strong><\/p>\n<hr data-start=\"632\" data-end=\"635\" \/>\n<h2 data-start=\"637\" data-end=\"665\"><strong data-start=\"640\" data-end=\"665\">2. Donn\u00e9es collect\u00e9es<\/strong><\/h2>\n<p data-start=\"666\" data-end=\"777\">Dans le cadre de l\u2019utilisation du site <strong data-start=\"705\" data-end=\"728\">dorianwebdesign.com<\/strong>, les donn\u00e9es suivantes peuvent \u00eatre collect\u00e9es :<\/p>\n<h3 data-start=\"779\" data-end=\"822\"><strong data-start=\"783\" data-end=\"822\">2.1 Donn\u00e9es fournies volontairement<\/strong><\/h3>\n<ul data-start=\"823\" data-end=\"1062\">\n<li data-start=\"823\" data-end=\"838\">\n<p data-start=\"825\" data-end=\"838\">Nom, pr\u00e9nom<\/p>\n<\/li>\n<li data-start=\"839\" data-end=\"857\">\n<p data-start=\"841\" data-end=\"857\">Adresse e-mail<\/p>\n<\/li>\n<li data-start=\"858\" data-end=\"881\">\n<p data-start=\"860\" data-end=\"881\">Num\u00e9ro de t\u00e9l\u00e9phone<\/p>\n<\/li>\n<li data-start=\"882\" data-end=\"902\">\n<p data-start=\"884\" data-end=\"902\">Nom d\u2019entreprise<\/p>\n<\/li>\n<li data-start=\"903\" data-end=\"964\">\n<p data-start=\"905\" data-end=\"964\">Informations de projet (demande de devis, brief, besoins)<\/p>\n<\/li>\n<li data-start=\"965\" data-end=\"1041\">\n<p data-start=\"967\" data-end=\"1041\">Donn\u00e9es contenues dans les formulaires de contact ou de demande de devis<\/p>\n<\/li>\n<li data-start=\"1042\" data-end=\"1062\">\n<p data-start=\"1044\" data-end=\"1062\">\u00c9changes par email<\/p>\n<\/li>\n<\/ul>\n<h3 data-start=\"1064\" data-end=\"1106\"><strong data-start=\"1068\" data-end=\"1106\">2.2 Donn\u00e9es li\u00e9es aux r\u00e9servations<\/strong><\/h3>\n<ul data-start=\"1107\" data-end=\"1227\">\n<li data-start=\"1107\" data-end=\"1165\">\n<p data-start=\"1109\" data-end=\"1165\">Date, heure et objet de la r\u00e9servation (si applicable)<\/p>\n<\/li>\n<li data-start=\"1166\" data-end=\"1196\">\n<p data-start=\"1168\" data-end=\"1196\">Historique des rendez-vous<\/p>\n<\/li>\n<li data-start=\"1197\" data-end=\"1227\">\n<p data-start=\"1199\" data-end=\"1227\">Pr\u00e9f\u00e9rences de communication<\/p>\n<\/li>\n<\/ul>\n<h3 data-start=\"1229\" data-end=\"1272\"><strong data-start=\"1233\" data-end=\"1272\">2.3 Donn\u00e9es techniques \/ navigation<\/strong><\/h3>\n<ul data-start=\"1273\" data-end=\"1474\">\n<li data-start=\"1273\" data-end=\"1324\">\n<p data-start=\"1275\" data-end=\"1324\">Cookies et traceurs (voir Politique de cookies)<\/p>\n<\/li>\n<li data-start=\"1325\" data-end=\"1339\">\n<p data-start=\"1327\" data-end=\"1339\">Adresse IP<\/p>\n<\/li>\n<li data-start=\"1340\" data-end=\"1377\">\n<p data-start=\"1342\" data-end=\"1377\">Donn\u00e9es de navigation anonymis\u00e9es<\/p>\n<\/li>\n<li data-start=\"1378\" data-end=\"1411\">\n<p data-start=\"1380\" data-end=\"1411\">Type d\u2019appareil et navigateur<\/p>\n<\/li>\n<li data-start=\"1412\" data-end=\"1474\">\n<p data-start=\"1414\" data-end=\"1474\">Origine de la visite (r\u00e9seaux sociaux, moteur de recherche\u2026)<\/p>\n<\/li>\n<\/ul>\n<hr data-start=\"1476\" data-end=\"1479\" \/>\n<h2 data-start=\"1481\" data-end=\"1514\"><strong data-start=\"1484\" data-end=\"1514\">3. Finalit\u00e9s du traitement<\/strong><\/h2>\n<p data-start=\"1515\" data-end=\"1583\">Les donn\u00e9es collect\u00e9es sont utilis\u00e9es pour les finalit\u00e9s suivantes :<\/p>\n<ul data-start=\"1585\" data-end=\"2117\">\n<li data-start=\"1585\" data-end=\"1669\">\n<p data-start=\"1587\" data-end=\"1669\"><strong data-start=\"1587\" data-end=\"1625\">G\u00e9rer les demandes via formulaires<\/strong> (demande de devis, contact, informations)<\/p>\n<\/li>\n<li data-start=\"1670\" data-end=\"1739\">\n<p data-start=\"1672\" data-end=\"1739\"><strong data-start=\"1672\" data-end=\"1697\">G\u00e9rer les rendez-vous<\/strong> (confirmations, rappels, modifications)<\/p>\n<\/li>\n<li data-start=\"1740\" data-end=\"1802\">\n<p data-start=\"1742\" data-end=\"1802\"><strong data-start=\"1742\" data-end=\"1771\">Suivre la relation client<\/strong> et l\u2019historique des \u00e9changes<\/p>\n<\/li>\n<li data-start=\"1803\" data-end=\"1836\">\n<p data-start=\"1805\" data-end=\"1836\"><strong data-start=\"1805\" data-end=\"1834\">\u00c9tablir devis et factures<\/strong><\/p>\n<\/li>\n<li data-start=\"1837\" data-end=\"1908\">\n<p data-start=\"1839\" data-end=\"1908\"><strong data-start=\"1839\" data-end=\"1906\">Personnaliser l\u2019accompagnement et les propositions commerciales<\/strong><\/p>\n<\/li>\n<li data-start=\"1909\" data-end=\"1986\">\n<p data-start=\"1911\" data-end=\"1986\"><strong data-start=\"1911\" data-end=\"1952\">Assurer le bon fonctionnement du site<\/strong>, de ses formulaires et services<\/p>\n<\/li>\n<li data-start=\"1987\" data-end=\"2051\">\n<p data-start=\"1989\" data-end=\"2051\"><strong data-start=\"1989\" data-end=\"2027\">Am\u00e9liorer l\u2019exp\u00e9rience utilisateur<\/strong> et mesurer l\u2019audience<\/p>\n<\/li>\n<li data-start=\"2052\" data-end=\"2117\">\n<p data-start=\"2054\" data-end=\"2117\"><strong data-start=\"2054\" data-end=\"2091\">Respecter les obligations l\u00e9gales<\/strong> (comptabilit\u00e9, fiscalit\u00e9)<\/p>\n<\/li>\n<\/ul>\n<p data-start=\"2119\" data-end=\"2183\">Aucune d\u00e9cision automatis\u00e9e n\u2019est prise \u00e0 partir de vos donn\u00e9es.<\/p>\n<hr data-start=\"2185\" data-end=\"2188\" \/>\n<h2 data-start=\"2190\" data-end=\"2225\"><strong data-start=\"2193\" data-end=\"2225\">4. Base l\u00e9gale du traitement<\/strong><\/h2>\n<p data-start=\"2226\" data-end=\"2266\">Les traitements effectu\u00e9s reposent sur :<\/p>\n<ul data-start=\"2268\" data-end=\"2512\">\n<li data-start=\"2268\" data-end=\"2317\">\n<p data-start=\"2270\" data-end=\"2317\"><strong data-start=\"2270\" data-end=\"2292\">Votre consentement<\/strong> (formulaire, cookies\u2026)<\/p>\n<\/li>\n<li data-start=\"2318\" data-end=\"2403\">\n<p data-start=\"2320\" data-end=\"2403\"><strong data-start=\"2320\" data-end=\"2348\">L\u2019ex\u00e9cution d\u2019un contrat<\/strong> ou de mesures pr\u00e9contractuelles (devis, prestations)<\/p>\n<\/li>\n<li data-start=\"2404\" data-end=\"2467\">\n<p data-start=\"2406\" data-end=\"2467\"><strong data-start=\"2406\" data-end=\"2428\">L\u2019int\u00e9r\u00eat l\u00e9gitime<\/strong> (am\u00e9lioration du site, suivi client)<\/p>\n<\/li>\n<li data-start=\"2468\" data-end=\"2512\">\n<p data-start=\"2470\" data-end=\"2512\"><strong data-start=\"2470\" data-end=\"2497\">Les obligations l\u00e9gales<\/strong> (comptabilit\u00e9)<\/p>\n<\/li>\n<\/ul>\n<hr data-start=\"2514\" data-end=\"2517\" \/>\n<h2 data-start=\"2519\" data-end=\"2550\"><strong data-start=\"2522\" data-end=\"2550\">5. Dur\u00e9e de conservation<\/strong><\/h2>\n<p data-start=\"2551\" data-end=\"2580\">Les donn\u00e9es sont conserv\u00e9es :<\/p>\n<ul data-start=\"2582\" data-end=\"2838\">\n<li data-start=\"2582\" data-end=\"2639\">\n<p data-start=\"2584\" data-end=\"2639\"><strong data-start=\"2584\" data-end=\"2593\">3 ans<\/strong> apr\u00e8s le dernier contact pour les prospects<\/p>\n<\/li>\n<li data-start=\"2640\" data-end=\"2708\">\n<p data-start=\"2642\" data-end=\"2708\"><strong data-start=\"2642\" data-end=\"2651\">5 ans<\/strong> pour les clients (documents comptables et facturation)<\/p>\n<\/li>\n<li data-start=\"2709\" data-end=\"2762\">\n<p data-start=\"2711\" data-end=\"2762\"><strong data-start=\"2711\" data-end=\"2722\">13 mois<\/strong> pour les cookies de mesure d\u2019audience<\/p>\n<\/li>\n<li data-start=\"2763\" data-end=\"2838\">\n<p data-start=\"2765\" data-end=\"2838\"><strong data-start=\"2765\" data-end=\"2795\">Dur\u00e9e technique n\u00e9cessaire<\/strong> pour les donn\u00e9es de navigation anonymis\u00e9es<\/p>\n<\/li>\n<\/ul>\n<p data-start=\"2840\" data-end=\"2905\">Les donn\u00e9es sont supprim\u00e9es ou anonymis\u00e9es au-del\u00e0 de ces dur\u00e9es.<\/p>\n<hr data-start=\"2907\" data-end=\"2910\" \/>\n<h2 data-start=\"2912\" data-end=\"2958\"><strong data-start=\"2915\" data-end=\"2958\">6. Partage et destinataires des donn\u00e9es<\/strong><\/h2>\n<p data-start=\"2959\" data-end=\"3021\">Les donn\u00e9es ne sont <strong data-start=\"2979\" data-end=\"2999\">jamais revendues<\/strong>, c\u00e9d\u00e9es ou \u00e9chang\u00e9es.<\/p>\n<p data-start=\"3023\" data-end=\"3148\">Elles peuvent \u00eatre transmises uniquement \u00e0 des prestataires n\u00e9cessaires au fonctionnement du site et des services, tels que :<\/p>\n<ul data-start=\"3150\" data-end=\"3373\">\n<li data-start=\"3150\" data-end=\"3171\">\n<p data-start=\"3152\" data-end=\"3171\">H\u00e9bergeur du site<\/p>\n<\/li>\n<li data-start=\"3172\" data-end=\"3206\">\n<p data-start=\"3174\" data-end=\"3206\">Outils de prise de rendez-vous<\/p>\n<\/li>\n<li data-start=\"3207\" data-end=\"3256\">\n<p data-start=\"3209\" data-end=\"3256\">Solutions d\u2019emailing (notifications, rappels)<\/p>\n<\/li>\n<li data-start=\"3257\" data-end=\"3281\">\n<p data-start=\"3259\" data-end=\"3281\">Services analytiques<\/p>\n<\/li>\n<li data-start=\"3282\" data-end=\"3321\">\n<p data-start=\"3284\" data-end=\"3321\">Outils de gestion de projets ou CRM<\/p>\n<\/li>\n<li data-start=\"3322\" data-end=\"3373\">\n<p data-start=\"3324\" data-end=\"3373\">Entreprises en charge de la maintenance technique<\/p>\n<\/li>\n<\/ul>\n<p data-start=\"3375\" data-end=\"3509\">Ces prestataires sont soumis \u00e0 des obligations de confidentialit\u00e9 et ne traitent les donn\u00e9es que sur instruction de Dorian Web Design.<\/p>\n<hr data-start=\"3511\" data-end=\"3514\" \/>\n<h2 data-start=\"3516\" data-end=\"3546\"><strong data-start=\"3519\" data-end=\"3546\">7. S\u00e9curit\u00e9 des donn\u00e9es<\/strong><\/h2>\n<p data-start=\"3547\" data-end=\"3612\">Dorian Web Design met en place des mesures de s\u00e9curit\u00e9 adapt\u00e9es :<\/p>\n<ul data-start=\"3614\" data-end=\"3791\">\n<li data-start=\"3614\" data-end=\"3638\">\n<p data-start=\"3616\" data-end=\"3638\">H\u00e9bergement s\u00e9curis\u00e9<\/p>\n<\/li>\n<li data-start=\"3639\" data-end=\"3687\">\n<p data-start=\"3641\" data-end=\"3687\">Acc\u00e8s limit\u00e9 aux seules personnes autoris\u00e9es<\/p>\n<\/li>\n<li data-start=\"3688\" data-end=\"3715\">\n<p data-start=\"3690\" data-end=\"3715\">Mots de passe renforc\u00e9s<\/p>\n<\/li>\n<li data-start=\"3716\" data-end=\"3763\">\n<p data-start=\"3718\" data-end=\"3763\">Mise \u00e0 jour r\u00e9guli\u00e8re des outils et plugins<\/p>\n<\/li>\n<li data-start=\"3764\" data-end=\"3791\">\n<p data-start=\"3766\" data-end=\"3791\">Transfert chiffr\u00e9 (HTTPS)<\/p>\n<\/li>\n<\/ul>\n<p data-start=\"3793\" data-end=\"3930\">Malgr\u00e9 ces efforts, aucun syst\u00e8me n\u2019est totalement infaillible ; toutefois, tout incident sera g\u00e9r\u00e9 conform\u00e9ment aux obligations l\u00e9gales.<\/p>\n<hr data-start=\"3932\" data-end=\"3935\" \/>\n<h2 data-start=\"3937\" data-end=\"3957\"><strong data-start=\"3940\" data-end=\"3957\">8. Vos droits<\/strong><\/h2>\n<p data-start=\"3958\" data-end=\"4052\">Conform\u00e9ment au RGPD et \u00e0 la loi Informatique et Libert\u00e9s, vous disposez des droits suivants :<\/p>\n<ul data-start=\"4054\" data-end=\"4372\">\n<li data-start=\"4054\" data-end=\"4075\">\n<p data-start=\"4056\" data-end=\"4075\"><strong data-start=\"4056\" data-end=\"4073\">Droit d\u2019acc\u00e8s<\/strong><\/p>\n<\/li>\n<li data-start=\"4076\" data-end=\"4106\">\n<p data-start=\"4078\" data-end=\"4106\"><strong data-start=\"4078\" data-end=\"4104\">Droit de rectification<\/strong><\/p>\n<\/li>\n<li data-start=\"4107\" data-end=\"4133\">\n<p data-start=\"4109\" data-end=\"4133\"><strong data-start=\"4109\" data-end=\"4131\">Droit d\u2019opposition<\/strong><\/p>\n<\/li>\n<li data-start=\"4134\" data-end=\"4180\">\n<p data-start=\"4136\" data-end=\"4180\"><strong data-start=\"4136\" data-end=\"4178\">Droit \u00e0 l\u2019effacement (droit \u00e0 l\u2019oubli)<\/strong><\/p>\n<\/li>\n<li data-start=\"4181\" data-end=\"4224\">\n<p data-start=\"4183\" data-end=\"4224\"><strong data-start=\"4183\" data-end=\"4222\">Droit \u00e0 la limitation du traitement<\/strong><\/p>\n<\/li>\n<li data-start=\"4225\" data-end=\"4255\">\n<p data-start=\"4227\" data-end=\"4255\"><strong data-start=\"4227\" data-end=\"4253\">Droit \u00e0 la portabilit\u00e9<\/strong><\/p>\n<\/li>\n<li data-start=\"4256\" data-end=\"4313\">\n<p data-start=\"4258\" data-end=\"4313\"><strong data-start=\"4258\" data-end=\"4311\">Droit de retirer votre consentement \u00e0 tout moment<\/strong><\/p>\n<\/li>\n<li data-start=\"4314\" data-end=\"4372\">\n<p data-start=\"4316\" data-end=\"4372\"><strong data-start=\"4316\" data-end=\"4372\">Droit d\u2019introduire une r\u00e9clamation aupr\u00e8s de la CNIL<\/strong><\/p>\n<\/li>\n<\/ul>\n<p data-start=\"4374\" data-end=\"4434\">Pour exercer vos droits :<br data-start=\"4399\" data-end=\"4402\" \/>\ud83d\udce7 <strong data-start=\"4405\" data-end=\"4434\"><a rel=\"noopener\" data-start=\"4407\" data-end=\"4432\">admin@dorianwebdesign.com<\/a><\/strong><\/p>\n<p data-start=\"4436\" data-end=\"4488\">Une r\u00e9ponse sera apport\u00e9e sous <strong data-start=\"4467\" data-end=\"4487\">30 jours maximum<\/strong>.<\/p>\n<hr data-start=\"4490\" data-end=\"4493\" \/>\n<h2 data-start=\"4495\" data-end=\"4512\"><strong data-start=\"4498\" data-end=\"4512\">9. Cookies<\/strong><\/h2>\n<p data-start=\"4513\" data-end=\"4622\">L\u2019utilisation des cookies est expliqu\u00e9e en d\u00e9tail dans notre <a href=\"https:\/\/dorianwebdesign.com\/en\/politique-de-cookies-ue\/\"><strong data-start=\"4574\" data-end=\"4598\">Politique de cookies<\/strong><\/a>, accessible s\u00e9par\u00e9ment.<\/p>\n<p data-start=\"4624\" data-end=\"4703\">Vous pouvez g\u00e9rer vos pr\u00e9f\u00e9rences \u00e0 tout moment via le bandeau de consentement.<\/p>\n<hr data-start=\"4705\" data-end=\"4708\" \/>\n<h2 data-start=\"4710\" data-end=\"4733\"><strong data-start=\"4713\" data-end=\"4733\">10. Consentement<\/strong><\/h2>\n<p data-start=\"4734\" data-end=\"4893\">En utilisant ce site, en remplissant un formulaire ou en r\u00e9servant une s\u00e9ance, vous acceptez le traitement de vos donn\u00e9es conform\u00e9ment \u00e0 la pr\u00e9sente politique.<\/p>\n<p data-start=\"4895\" data-end=\"4985\">Lorsque le traitement repose sur votre consentement, vous pouvez le retirer \u00e0 tout moment.<\/p>\n<hr data-start=\"4987\" data-end=\"4990\" \/>\n<h2 data-start=\"4992\" data-end=\"5016\"><strong data-start=\"4995\" data-end=\"5016\">11. Modifications<\/strong><\/h2>\n<p data-start=\"5017\" data-end=\"5147\">La pr\u00e9sente Politique de confidentialit\u00e9 peut \u00eatre mise \u00e0 jour \u00e0 tout moment.<br data-start=\"5094\" data-end=\"5097\" \/>La date de mise \u00e0 jour figure en haut du document.<\/p>","protected":false},"excerpt":{"rendered":"<p>R\u00e8glement g\u00e9n\u00e9ral sur la protection des donn\u00e9es Derni\u00e8re mise \u00e0 jour : 17 Novembre 2025 1. Responsable du traitement Le [&hellip;]<\/p>\n","protected":false},"author":1,"featured_media":0,"parent":0,"menu_order":0,"comment_status":"closed","ping_status":"closed","template":"elementor_header_footer","meta":{"_uag_custom_page_level_css":"","site-sidebar-layout":"default","site-content-layout":"","ast-site-content-layout":"default","site-content-style":"default","site-sidebar-style":"default","ast-global-header-display":"","ast-banner-title-visibility":"","ast-main-header-display":"","ast-hfb-above-header-display":"","ast-hfb-below-header-display":"","ast-hfb-mobile-header-display":"","site-post-title":"","ast-breadcrumbs-content":"","ast-featured-img":"","footer-sml-layout":"","ast-disable-related-posts":"","theme-transparent-header-meta":"","adv-header-id-meta":"","stick-header-meta":"","header-above-stick-meta":"","header-main-stick-meta":"","header-below-stick-meta":"","astra-migrate-meta-layouts":"default","ast-page-background-enabled":"default","ast-page-background-meta":{"desktop":{"background-color":"var(--ast-global-color-5)","background-image":"","background-repeat":"repeat","background-position":"center center","background-size":"auto","background-attachment":"scroll","background-type":"","background-media":"","overlay-type":"","overlay-color":"","overlay-opacity":"","overlay-gradient":""},"tablet":{"background-color":"","background-image":"","background-repeat":"repeat","background-position":"center center","background-size":"auto","background-attachment":"scroll","background-type":"","background-media":"","overlay-type":"","overlay-color":"","overlay-opacity":"","overlay-gradient":""},"mobile":{"background-color":"","background-image":"","background-repeat":"repeat","background-position":"center center","background-size":"auto","background-attachment":"scroll","background-type":"","background-media":"","overlay-type":"","overlay-color":"","overlay-opacity":"","overlay-gradient":""}},"ast-content-background-meta":{"desktop":{"background-color":"var(--ast-global-color-4)","background-image":"","background-repeat":"repeat","background-position":"center center","background-size":"auto","background-attachment":"scroll","background-type":"","background-media":"","overlay-type":"","overlay-color":"","overlay-opacity":"","overlay-gradient":""},"tablet":{"background-color":"var(--ast-global-color-4)","background-image":"","background-repeat":"repeat","background-position":"center center","background-size":"auto","background-attachment":"scroll","background-type":"","background-media":"","overlay-type":"","overlay-color":"","overlay-opacity":"","overlay-gradient":""},"mobile":{"background-color":"var(--ast-global-color-4)","background-image":"","background-repeat":"repeat","background-position":"center center","background-size":"auto","background-attachment":"scroll","background-type":"","background-media":"","overlay-type":"","overlay-color":"","overlay-opacity":"","overlay-gradient":""}},"footnotes":""},"class_list":["post-277","page","type-page","status-publish","hentry"],"uagb_featured_image_src":{"full":false,"thumbnail":false,"medium":false,"medium_large":false,"large":false,"1536x1536":false,"2048x2048":false,"trp-custom-language-flag":false},"uagb_author_info":{"display_name":"admin7856","author_link":"https:\/\/dorianwebdesign.com\/en\/author\/admin7856\/"},"uagb_comment_info":0,"uagb_excerpt":"R\u00e8glement g\u00e9n\u00e9ral sur la protection des donn\u00e9es Derni\u00e8re mise \u00e0 jour : 17 Novembre 2025 1. Responsable du traitement Le [&hellip;]","_links":{"self":[{"href":"https:\/\/dorianwebdesign.com\/en\/wp-json\/wp\/v2\/pages\/277","targetHints":{"allow":["GET"]}}],"collection":[{"href":"https:\/\/dorianwebdesign.com\/en\/wp-json\/wp\/v2\/pages"}],"about":[{"href":"https:\/\/dorianwebdesign.com\/en\/wp-json\/wp\/v2\/types\/page"}],"author":[{"embeddable":true,"href":"https:\/\/dorianwebdesign.com\/en\/wp-json\/wp\/v2\/users\/1"}],"replies":[{"embeddable":true,"href":"https:\/\/dorianwebdesign.com\/en\/wp-json\/wp\/v2\/comments?post=277"}],"version-history":[{"count":5,"href":"https:\/\/dorianwebdesign.com\/en\/wp-json\/wp\/v2\/pages\/277\/revisions"}],"predecessor-version":[{"id":2014,"href":"https:\/\/dorianwebdesign.com\/en\/wp-json\/wp\/v2\/pages\/277\/revisions\/2014"}],"wp:attachment":[{"href":"https:\/\/dorianwebdesign.com\/en\/wp-json\/wp\/v2\/media?parent=277"}],"curies":[{"name":"wp","href":"https:\/\/api.w.org\/{rel}","templated":true}]}}