{"id":275,"date":"2025-11-13T05:26:40","date_gmt":"2025-11-13T05:26:40","guid":{"rendered":"https:\/\/dorianwebdesign.com\/?page_id=275"},"modified":"2025-12-16T11:22:20","modified_gmt":"2025-12-16T10:22:20","slug":"cgv","status":"publish","type":"page","link":"https:\/\/dorianwebdesign.com\/en\/cgv\/","title":{"rendered":"cgv"},"content":{"rendered":"<p><img loading=\"lazy\" decoding=\"async\" width=\"300\" height=\"300\" src=\"https:\/\/dorianwebdesign.com\/wp-content\/uploads\/2025\/11\/LogoArtDeco1000-300x300.png\" alt=\"Logo Dorian Web Design\" srcset=\"https:\/\/dorianwebdesign.com\/wp-content\/uploads\/2025\/11\/LogoArtDeco1000-300x300.png 300w, https:\/\/dorianwebdesign.com\/wp-content\/uploads\/2025\/11\/LogoArtDeco1000-150x150.png 150w, https:\/\/dorianwebdesign.com\/wp-content\/uploads\/2025\/11\/LogoArtDeco1000-768x768.png 768w, https:\/\/dorianwebdesign.com\/wp-content\/uploads\/2025\/11\/LogoArtDeco1000.png 1000w\" sizes=\"auto, (max-width: 300px) 100vw, 300px\" \/>\t\t\t\t\t\t\t\t\t\t\t\t\t\t\t\t<\/p>\n<h2>Conditions G\u00e9n\u00e9rales de Vente<\/h2>\n<h2 data-start=\"674\" data-end=\"696\"><strong data-start=\"677\" data-end=\"696\">1. Pr\u00e9sentation<\/strong><\/h2>\n<p data-start=\"697\" data-end=\"958\">Le site <strong data-start=\"705\" data-end=\"728\">dorianwebdesign.com<\/strong> est \u00e9dit\u00e9 par <strong data-start=\"743\" data-end=\"760\">Dorian Gigaud<\/strong>, repr\u00e9sentant la micro-entreprise <strong data-start=\"795\" data-end=\"816\">Dorian Web Design<\/strong>, SIRET <strong data-start=\"824\" data-end=\"842\">41308795800042<\/strong>, dont l\u2019activit\u00e9 principale est la conception de sites web, prestations graphiques et services num\u00e9riques associ\u00e9s.<\/p>\n<p data-start=\"960\" data-end=\"1014\">Contact :<br data-start=\"969\" data-end=\"972\" \/>\ud83d\udce7 contact@dorianwebdesign.com<br data-start=\"1002\" data-end=\"1005\" \/>\ud83d\udccd France<\/p>\n<hr data-start=\"1016\" data-end=\"1019\" \/>\n<h2 data-start=\"1021\" data-end=\"1052\"><strong data-start=\"1024\" data-end=\"1052\">2. Prestations propos\u00e9es<\/strong><\/h2>\n<p data-start=\"1053\" data-end=\"1094\">Dorian Web Design propose, entre autres :<\/p>\n<ul data-start=\"1096\" data-end=\"1546\">\n<li data-start=\"1096\" data-end=\"1159\">\n<p data-start=\"1098\" data-end=\"1159\">Cr\u00e9ation de sites internet (vitrine, refonte, multi-pages\u2026)<\/p>\n<\/li>\n<li data-start=\"1160\" data-end=\"1229\">\n<p data-start=\"1162\" data-end=\"1229\">Conception graphique (logo, identit\u00e9 visuelle, cartes de visite\u2026)<\/p>\n<\/li>\n<li data-start=\"1230\" data-end=\"1292\">\n<p data-start=\"1232\" data-end=\"1292\">Optimisation SEO : technique, contenu, r\u00e9f\u00e9rencement local<\/p>\n<\/li>\n<li data-start=\"1293\" data-end=\"1346\">\n<p data-start=\"1295\" data-end=\"1346\">Maintenance, mises \u00e0 jour, sauvegardes et support<\/p>\n<\/li>\n<li data-start=\"1347\" data-end=\"1443\">\n<p data-start=\"1349\" data-end=\"1443\">Int\u00e9gration de solutions (Google Maps, Google Agenda, Newsletter, r\u00e9servation, formulaires\u2026)<\/p>\n<\/li>\n<li data-start=\"1444\" data-end=\"1496\">\n<p data-start=\"1446\" data-end=\"1496\">Accompagnement digital et conseils personnalis\u00e9s<\/p>\n<\/li>\n<li data-start=\"1497\" data-end=\"1546\">\n<p data-start=\"1499\" data-end=\"1546\">H\u00e9bergement et gestion de domaine (si souscrit)<\/p>\n<\/li>\n<\/ul>\n<p data-start=\"1548\" data-end=\"1629\">Cette liste n\u2019est pas exhaustive : toute prestation peut \u00eatre adapt\u00e9e sur mesure.<\/p>\n<hr data-start=\"1631\" data-end=\"1634\" \/>\n<h2 data-start=\"1636\" data-end=\"1662\"><strong data-start=\"1639\" data-end=\"1662\">3. Devis &amp; commande<\/strong><\/h2>\n<p data-start=\"1663\" data-end=\"1734\">Toute prestation fait l\u2019objet d\u2019un <strong data-start=\"1698\" data-end=\"1720\">devis personnalis\u00e9<\/strong> pr\u00e9cisant :<\/p>\n<ul data-start=\"1735\" data-end=\"1828\">\n<li data-start=\"1735\" data-end=\"1765\">\n<p data-start=\"1737\" data-end=\"1765\">le p\u00e9rim\u00e8tre de la mission<\/p>\n<\/li>\n<li data-start=\"1766\" data-end=\"1777\">\n<p data-start=\"1768\" data-end=\"1777\">le prix<\/p>\n<\/li>\n<li data-start=\"1778\" data-end=\"1800\">\n<p data-start=\"1780\" data-end=\"1800\">les d\u00e9lais estim\u00e9s<\/p>\n<\/li>\n<li data-start=\"1801\" data-end=\"1828\">\n<p data-start=\"1803\" data-end=\"1828\">les modalit\u00e9s de paiement<\/p>\n<\/li>\n<\/ul>\n<p data-start=\"1830\" data-end=\"1932\">Le devis sign\u00e9 (ou valid\u00e9 par \u00e9crit \/ email) vaut <strong data-start=\"1880\" data-end=\"1913\">acceptation pleine et enti\u00e8re<\/strong> des pr\u00e9sentes CGV.<\/p>\n<p data-start=\"1934\" data-end=\"1993\">Aucun travail ne d\u00e9bute sans validation explicite du devis.<\/p>\n<hr data-start=\"1995\" data-end=\"1998\" \/>\n<h2 data-start=\"2000\" data-end=\"2031\"><strong data-start=\"2003\" data-end=\"2031\">4. Obligations du client<\/strong><\/h2>\n<p data-start=\"2032\" data-end=\"2064\">Le client s\u2019engage \u00e0 fournir :<\/p>\n<ul data-start=\"2065\" data-end=\"2281\">\n<li data-start=\"2065\" data-end=\"2156\">\n<p data-start=\"2067\" data-end=\"2156\">toutes les informations n\u00e9cessaires \u00e0 la r\u00e9alisation du projet (textes, images, acc\u00e8s\u2026)<\/p>\n<\/li>\n<li data-start=\"2157\" data-end=\"2200\">\n<p data-start=\"2159\" data-end=\"2200\">les contenus dont il d\u00e9tient les droits<\/p>\n<\/li>\n<li data-start=\"2201\" data-end=\"2281\">\n<p data-start=\"2203\" data-end=\"2281\">des r\u00e9ponses dans un d\u00e9lai raisonnable pour ne pas bloquer l\u2019avanc\u00e9e du projet<\/p>\n<\/li>\n<\/ul>\n<p data-start=\"2283\" data-end=\"2410\">Le client garantit que les \u00e9l\u00e9ments transmis sont <strong data-start=\"2333\" data-end=\"2344\">licites<\/strong>, <strong data-start=\"2346\" data-end=\"2366\">libres de droits<\/strong>, et n\u2019enfreignent aucun texte ou copyright.<\/p>\n<hr data-start=\"2412\" data-end=\"2415\" \/>\n<h2 data-start=\"2417\" data-end=\"2445\"><strong data-start=\"2420\" data-end=\"2445\">5. Tarifs et paiement<\/strong><\/h2>\n<p data-start=\"2446\" data-end=\"2488\">Les tarifs sont exprim\u00e9s en <strong data-start=\"2474\" data-end=\"2487\">euros TTC<\/strong>.<\/p>\n<p data-start=\"2490\" data-end=\"2525\">Modalit\u00e9s de paiement accept\u00e9es :<\/p>\n<ul data-start=\"2526\" data-end=\"2594\">\n<li data-start=\"2526\" data-end=\"2537\">\n<p data-start=\"2528\" data-end=\"2537\">esp\u00e8ces<\/p>\n<\/li>\n<li data-start=\"2538\" data-end=\"2559\">\n<p data-start=\"2540\" data-end=\"2559\">virement bancaire<\/p>\n<\/li>\n<li data-start=\"2560\" data-end=\"2594\">\n<p data-start=\"2562\" data-end=\"2594\">paiement en ligne (si propos\u00e9)<\/p>\n<\/li>\n<\/ul>\n<p data-start=\"2596\" data-end=\"2742\">Un <strong data-start=\"2599\" data-end=\"2618\">acompte de 30 %<\/strong> peut \u00eatre demand\u00e9 avant le d\u00e9but du projet.<br data-start=\"2662\" data-end=\"2665\" \/>Le solde est d\u00fb \u00e0 la livraison ou selon les modalit\u00e9s pr\u00e9cis\u00e9es sur le devis.<\/p>\n<p data-start=\"2744\" data-end=\"2834\">En cas de retard de paiement, des p\u00e9nalit\u00e9s peuvent \u00eatre appliqu\u00e9es conform\u00e9ment \u00e0 la loi.<\/p>\n<hr data-start=\"2836\" data-end=\"2839\" \/>\n<h2 data-start=\"2841\" data-end=\"2873\"><strong data-start=\"2844\" data-end=\"2873\">6. D\u00e9lais &amp; modifications<\/strong><\/h2>\n<p data-start=\"2874\" data-end=\"2971\">Les d\u00e9lais de r\u00e9alisation sont donn\u00e9s \u00e0 titre indicatif.<br data-start=\"2930\" data-end=\"2933\" \/>Ils peuvent \u00eatre ajust\u00e9s en cas de :<\/p>\n<ul data-start=\"2972\" data-end=\"3141\">\n<li data-start=\"2972\" data-end=\"3030\">\n<p data-start=\"2974\" data-end=\"3030\">retard dans la transmission des \u00e9l\u00e9ments par le client<\/p>\n<\/li>\n<li data-start=\"3031\" data-end=\"3085\">\n<p data-start=\"3033\" data-end=\"3085\">demandes suppl\u00e9mentaires ou modifications majeures<\/p>\n<\/li>\n<li data-start=\"3086\" data-end=\"3141\">\n<p data-start=\"3088\" data-end=\"3141\">circonstances exceptionnelles ou cas de force majeure<\/p>\n<\/li>\n<\/ul>\n<p data-start=\"3143\" data-end=\"3250\">Toute modification importante apr\u00e8s validation du devis pourra faire l\u2019objet d\u2019un <strong data-start=\"3225\" data-end=\"3249\">ajustement tarifaire<\/strong>.<\/p>\n<hr data-start=\"3252\" data-end=\"3255\" \/>\n<h2 data-start=\"3257\" data-end=\"3281\"><strong data-start=\"3260\" data-end=\"3281\">7. Responsabilit\u00e9<\/strong><\/h2>\n<p data-start=\"3282\" data-end=\"3379\">Dorian Web Design s\u2019engage \u00e0 fournir un travail professionnel, conforme aux pratiques du secteur.<\/p>\n<p data-start=\"3381\" data-end=\"3466\">Toutefois, la responsabilit\u00e9 de Dorian Web Design ne saurait \u00eatre engag\u00e9e en cas de :<\/p>\n<ul data-start=\"3468\" data-end=\"3769\">\n<li data-start=\"3468\" data-end=\"3507\">\n<p data-start=\"3470\" data-end=\"3507\">mauvais usage du site par le client<\/p>\n<\/li>\n<li data-start=\"3508\" data-end=\"3556\">\n<p data-start=\"3510\" data-end=\"3556\">dysfonctionnements li\u00e9s \u00e0 un h\u00e9bergeur tiers<\/p>\n<\/li>\n<li data-start=\"3557\" data-end=\"3632\">\n<p data-start=\"3559\" data-end=\"3632\">pertes de donn\u00e9es r\u00e9sultant d\u2019une intervention ext\u00e9rieure ou non pr\u00e9vue<\/p>\n<\/li>\n<li data-start=\"3633\" data-end=\"3691\">\n<p data-start=\"3635\" data-end=\"3691\">utilisation de plugins ou \u00e9l\u00e9ments tiers non maintenus<\/p>\n<\/li>\n<li data-start=\"3692\" data-end=\"3769\">\n<p data-start=\"3694\" data-end=\"3769\">contenu fourni par le client violant des droits d\u2019auteur ou r\u00e9glementations<\/p>\n<\/li>\n<\/ul>\n<p data-start=\"3771\" data-end=\"3898\">La maintenance ou r\u00e9solution de probl\u00e8mes post-livraison n\u2019est <strong data-start=\"3834\" data-end=\"3849\">pas incluse<\/strong>, sauf si un contrat de maintenance est souscrit.<\/p>\n<hr data-start=\"3900\" data-end=\"3903\" \/>\n<h2 data-start=\"3905\" data-end=\"3949\"><strong data-start=\"3908\" data-end=\"3949\">8. Droits et propri\u00e9t\u00e9 intellectuelle<\/strong><\/h2>\n<p data-start=\"3950\" data-end=\"3988\">Sauf mention contraire dans le devis :<\/p>\n<ul data-start=\"3990\" data-end=\"4302\">\n<li data-start=\"3990\" data-end=\"4110\">\n<p data-start=\"3992\" data-end=\"4110\">Les cr\u00e9ations livr\u00e9es (site web, logo, visuels\u2026) sont c\u00e9d\u00e9es au client <strong data-start=\"4063\" data-end=\"4090\">apr\u00e8s paiement int\u00e9gral<\/strong> de la prestation.<\/p>\n<\/li>\n<li data-start=\"4111\" data-end=\"4209\">\n<p data-start=\"4113\" data-end=\"4209\">Les fichiers sources (ex : PSD, AI, fichiers bruts) ne sont pas fournis sauf accord pr\u00e9alable.<\/p>\n<\/li>\n<li data-start=\"4210\" data-end=\"4302\">\n<p data-start=\"4212\" data-end=\"4302\">Les droits d\u2019utilisation sont non exclusifs et non transf\u00e9rables, sauf mention sp\u00e9cifique.<\/p>\n<\/li>\n<\/ul>\n<p data-start=\"4304\" data-end=\"4421\">Dorian Web Design se r\u00e9serve le droit d\u2019utiliser les r\u00e9alisations dans son <strong data-start=\"4379\" data-end=\"4392\">portfolio<\/strong>, sauf refus \u00e9crit du client.<\/p>\n<hr data-start=\"4423\" data-end=\"4426\" \/>\n<h2 data-start=\"4428\" data-end=\"4458\"><strong data-start=\"4431\" data-end=\"4458\">9. Donn\u00e9es personnelles<\/strong><\/h2>\n<p data-start=\"4459\" data-end=\"4636\">Le traitement des donn\u00e9es personnelles est conforme au RGPD.<br data-start=\"4523\" data-end=\"4526\" \/>Les informations collect\u00e9es sont utilis\u00e9es uniquement pour la gestion des clients et ne sont jamais revendues.<\/p>\n<p data-start=\"4638\" data-end=\"4710\">Pour plus d\u2019informations, consulter la Politique de Confidentialit\u00e9.<\/p>\n<hr data-start=\"4712\" data-end=\"4715\" \/>\n<h2 data-start=\"4717\" data-end=\"4740\"><strong data-start=\"4720\" data-end=\"4740\">10. R\u00e9tractation<\/strong><\/h2>\n<p data-start=\"4741\" data-end=\"4973\">Pour les prestations digitales sur mesure, le d\u00e9lai de r\u00e9tractation ne s\u2019applique pas (article L221-28 du Code de la consommation), d\u00e8s lors que la r\u00e9alisation du service commence avant la fin du d\u00e9lai l\u00e9gal avec l\u2019accord du client.<\/p>\n<hr data-start=\"4975\" data-end=\"4978\" \/>\n<h2 data-start=\"4980\" data-end=\"5017\"><strong data-start=\"4983\" data-end=\"5017\">11. Droit applicable &amp; litiges<\/strong><\/h2>\n<p data-start=\"5018\" data-end=\"5072\">Les pr\u00e9sentes CGV sont soumises au <strong data-start=\"5053\" data-end=\"5071\">droit fran\u00e7ais<\/strong>.<\/p>\n<p data-start=\"5074\" data-end=\"5214\">En cas de litige, une solution <strong data-start=\"5105\" data-end=\"5116\">amiable<\/strong> sera recherch\u00e9e en priorit\u00e9.<br data-start=\"5145\" data-end=\"5148\" \/>\u00c0 d\u00e9faut d\u2019accord, les tribunaux fran\u00e7ais seront seuls comp\u00e9tents.<\/p>","protected":false},"excerpt":{"rendered":"<p>Conditions G\u00e9n\u00e9rales de Vente 1. Pr\u00e9sentation Le site dorianwebdesign.com est \u00e9dit\u00e9 par Dorian Gigaud, repr\u00e9sentant la micro-entreprise Dorian Web Design, [&hellip;]<\/p>\n","protected":false},"author":1,"featured_media":0,"parent":0,"menu_order":0,"comment_status":"closed","ping_status":"closed","template":"elementor_header_footer","meta":{"_uag_custom_page_level_css":"","site-sidebar-layout":"default","site-content-layout":"","ast-site-content-layout":"default","site-content-style":"default","site-sidebar-style":"default","ast-global-header-display":"","ast-banner-title-visibility":"","ast-main-header-display":"","ast-hfb-above-header-display":"","ast-hfb-below-header-display":"","ast-hfb-mobile-header-display":"","site-post-title":"","ast-breadcrumbs-content":"","ast-featured-img":"","footer-sml-layout":"","ast-disable-related-posts":"","theme-transparent-header-meta":"","adv-header-id-meta":"","stick-header-meta":"","header-above-stick-meta":"","header-main-stick-meta":"","header-below-stick-meta":"","astra-migrate-meta-layouts":"default","ast-page-background-enabled":"default","ast-page-background-meta":{"desktop":{"background-color":"var(--ast-global-color-5)","background-image":"","background-repeat":"repeat","background-position":"center center","background-size":"auto","background-attachment":"scroll","background-type":"","background-media":"","overlay-type":"","overlay-color":"","overlay-opacity":"","overlay-gradient":""},"tablet":{"background-color":"","background-image":"","background-repeat":"repeat","background-position":"center center","background-size":"auto","background-attachment":"scroll","background-type":"","background-media":"","overlay-type":"","overlay-color":"","overlay-opacity":"","overlay-gradient":""},"mobile":{"background-color":"","background-image":"","background-repeat":"repeat","background-position":"center center","background-size":"auto","background-attachment":"scroll","background-type":"","background-media":"","overlay-type":"","overlay-color":"","overlay-opacity":"","overlay-gradient":""}},"ast-content-background-meta":{"desktop":{"background-color":"var(--ast-global-color-4)","background-image":"","background-repeat":"repeat","background-position":"center center","background-size":"auto","background-attachment":"scroll","background-type":"","background-media":"","overlay-type":"","overlay-color":"","overlay-opacity":"","overlay-gradient":""},"tablet":{"background-color":"var(--ast-global-color-4)","background-image":"","background-repeat":"repeat","background-position":"center center","background-size":"auto","background-attachment":"scroll","background-type":"","background-media":"","overlay-type":"","overlay-color":"","overlay-opacity":"","overlay-gradient":""},"mobile":{"background-color":"var(--ast-global-color-4)","background-image":"","background-repeat":"repeat","background-position":"center center","background-size":"auto","background-attachment":"scroll","background-type":"","background-media":"","overlay-type":"","overlay-color":"","overlay-opacity":"","overlay-gradient":""}},"footnotes":""},"class_list":["post-275","page","type-page","status-publish","hentry"],"uagb_featured_image_src":{"full":false,"thumbnail":false,"medium":false,"medium_large":false,"large":false,"1536x1536":false,"2048x2048":false,"trp-custom-language-flag":false},"uagb_author_info":{"display_name":"admin7856","author_link":"https:\/\/dorianwebdesign.com\/en\/author\/admin7856\/"},"uagb_comment_info":0,"uagb_excerpt":"Conditions G\u00e9n\u00e9rales de Vente 1. Pr\u00e9sentation Le site dorianwebdesign.com est \u00e9dit\u00e9 par Dorian Gigaud, repr\u00e9sentant la micro-entreprise Dorian Web Design, [&hellip;]","_links":{"self":[{"href":"https:\/\/dorianwebdesign.com\/en\/wp-json\/wp\/v2\/pages\/275","targetHints":{"allow":["GET"]}}],"collection":[{"href":"https:\/\/dorianwebdesign.com\/en\/wp-json\/wp\/v2\/pages"}],"about":[{"href":"https:\/\/dorianwebdesign.com\/en\/wp-json\/wp\/v2\/types\/page"}],"author":[{"embeddable":true,"href":"https:\/\/dorianwebdesign.com\/en\/wp-json\/wp\/v2\/users\/1"}],"replies":[{"embeddable":true,"href":"https:\/\/dorianwebdesign.com\/en\/wp-json\/wp\/v2\/comments?post=275"}],"version-history":[{"count":5,"href":"https:\/\/dorianwebdesign.com\/en\/wp-json\/wp\/v2\/pages\/275\/revisions"}],"predecessor-version":[{"id":2001,"href":"https:\/\/dorianwebdesign.com\/en\/wp-json\/wp\/v2\/pages\/275\/revisions\/2001"}],"wp:attachment":[{"href":"https:\/\/dorianwebdesign.com\/en\/wp-json\/wp\/v2\/media?parent=275"}],"curies":[{"name":"wp","href":"https:\/\/api.w.org\/{rel}","templated":true}]}}